{"id":2,"date":"2022-09-14T12:34:33","date_gmt":"2022-09-14T10:34:33","guid":{"rendered":"http:\/\/www.noterbel.fr\/?page_id=2"},"modified":"2025-05-07T16:00:49","modified_gmt":"2025-05-07T14:00:49","slug":"page-d-exemple","status":"publish","type":"page","link":"https:\/\/www.noterbel.fr\/index.php\/page-d-exemple\/","title":{"rendered":"Nous contacter"},"content":{"rendered":"\n<p>Noterbel design vous propose de vous accompagner pour tout type de projet ou de r\u00e9alisation. D\u00e9coupe laser, mod\u00e9lisation 3D, impression 3D, travail du bois, usinage, transfert textile, r\u00e9sine epoxy, ou encore \u00e9lectronique et programmation, notre champs de comp\u00e9tences est large et ne cesse de cro\u00eetre. <\/p>\n\n\n\n<p>N&#8217;h\u00e9sitez pas \u00e0 nous contacter pour demander un devis<\/p>\n\n\n<div class=\"wpforms-container wpforms-container-full wpforms-block wpforms-block-8b4ce4da-0499-45c3-bd30-f967c5d729ec\" id=\"wpforms-123\"><form id=\"wpforms-form-123\" class=\"wpforms-validate wpforms-form wpforms-ajax-form\" data-formid=\"123\" method=\"post\" enctype=\"multipart\/form-data\" action=\"\/index.php\/wp-json\/wp\/v2\/pages\/2\" data-token=\"0c99802d16ec6928f28fa537de152eef\"><noscript class=\"wpforms-error-noscript\">Please enable JavaScript in your browser to complete this form.<\/noscript><div class=\"wpforms-field-container\"><div id=\"wpforms-123-field_0-container\" class=\"wpforms-field wpforms-field-name\" data-field-id=\"0\"><label class=\"wpforms-field-label\" for=\"wpforms-123-field_0\">Nom <span class=\"wpforms-required-label\">*<\/span><\/label><input type=\"text\" id=\"wpforms-123-field_0\" class=\"wpforms-field-medium wpforms-field-required\" name=\"wpforms[fields][0]\" required><\/div><div id=\"wpforms-123-field_1-container\" class=\"wpforms-field wpforms-field-email\" data-field-id=\"1\"><label class=\"wpforms-field-label\" for=\"wpforms-123-field_1\">Email <span class=\"wpforms-required-label\">*<\/span><\/label><input type=\"email\" id=\"wpforms-123-field_1\" class=\"wpforms-field-medium wpforms-field-required\" name=\"wpforms[fields][1]\" spellcheck=\"false\" required><\/div><div id=\"wpforms-123-field_2-container\" class=\"wpforms-field wpforms-field-textarea\" data-field-id=\"2\"><label class=\"wpforms-field-label\" for=\"wpforms-123-field_2\">Votre demande<\/label><textarea id=\"wpforms-123-field_2\" class=\"wpforms-field-medium\" name=\"wpforms[fields][2]\" ><\/textarea><\/div><\/div><!-- .wpforms-field-container --><div class=\"wpforms-submit-container\" ><input type=\"hidden\" name=\"wpforms[id]\" value=\"123\"><input type=\"hidden\" name=\"wpforms[author]\" value=\"1\"><button type=\"submit\" name=\"wpforms[submit]\" id=\"wpforms-submit-123\" class=\"wpforms-submit\" data-alt-text=\"Sending...\" data-submit-text=\"Submit\" aria-live=\"assertive\" value=\"wpforms-submit\">Submit<\/button><img loading=\"lazy\" decoding=\"async\" src=\"https:\/\/www.noterbel.fr\/wp-content\/plugins\/wpforms-lite\/assets\/images\/submit-spin.svg\" class=\"wpforms-submit-spinner\" style=\"display: none;\" width=\"26\" height=\"26\" alt=\"Loading\"><\/div><\/form><\/div>  <!-- .wpforms-container -->","protected":false},"excerpt":{"rendered":"<p>Noterbel design vous propose de vous accompagner pour tout type de projet ou de r\u00e9alisation. D\u00e9coupe laser, mod\u00e9lisation 3D, impression 3D, travail du bois, usinage, transfert textile, r\u00e9sine epoxy, ou encore \u00e9lectronique et programmation, notre champs de comp\u00e9tences est large et ne cesse de cro\u00eetre. N&#8217;h\u00e9sitez pas \u00e0 nous contacter pour demander un devis<\/p>\n","protected":false},"author":1,"featured_media":0,"parent":0,"menu_order":0,"comment_status":"closed","ping_status":"open","template":"","meta":{"footnotes":""},"_links":{"self":[{"href":"https:\/\/www.noterbel.fr\/index.php\/wp-json\/wp\/v2\/pages\/2"}],"collection":[{"href":"https:\/\/www.noterbel.fr\/index.php\/wp-json\/wp\/v2\/pages"}],"about":[{"href":"https:\/\/www.noterbel.fr\/index.php\/wp-json\/wp\/v2\/types\/page"}],"author":[{"embeddable":true,"href":"https:\/\/www.noterbel.fr\/index.php\/wp-json\/wp\/v2\/users\/1"}],"replies":[{"embeddable":true,"href":"https:\/\/www.noterbel.fr\/index.php\/wp-json\/wp\/v2\/comments?post=2"}],"version-history":[{"count":4,"href":"https:\/\/www.noterbel.fr\/index.php\/wp-json\/wp\/v2\/pages\/2\/revisions"}],"predecessor-version":[{"id":127,"href":"https:\/\/www.noterbel.fr\/index.php\/wp-json\/wp\/v2\/pages\/2\/revisions\/127"}],"wp:attachment":[{"href":"https:\/\/www.noterbel.fr\/index.php\/wp-json\/wp\/v2\/media?parent=2"}],"curies":[{"name":"wp","href":"https:\/\/api.w.org\/{rel}","templated":true}]}}